{"id":1140,"date":"2021-10-07T08:32:19","date_gmt":"2021-10-07T08:32:19","guid":{"rendered":"https:\/\/halstein.qodeinteractive.com\/?page_id=1140"},"modified":"2025-11-11T18:40:17","modified_gmt":"2025-11-11T18:40:17","slug":"about-us","status":"publish","type":"page","link":"https:\/\/secoyasociados.eu\/en_en\/about-us\/","title":{"rendered":"Sobre Nosotros"},"content":{"rendered":"<div data-elementor-type=\"wp-page\" data-elementor-id=\"1140\" class=\"elementor elementor-1140\">\n\t\t\t\t\t\t<section class=\"elementor-section elementor-top-section elementor-element elementor-element-dc36d44 elementor-section-full_width qodef-elementor-content-grid elementor-section-height-default elementor-section-height-default\" data-id=\"dc36d44\" data-element_type=\"section\" data-e-type=\"section\">\n\t\t\t\t\t\t<div class=\"elementor-container elementor-column-gap-default\">\n\t\t\t\t\t<div class=\"elementor-column elementor-col-100 elementor-top-column elementor-element elementor-element-55a6172\" data-id=\"55a6172\" data-element_type=\"column\" data-e-type=\"column\">\n\t\t\t<div class=\"elementor-widget-wrap elementor-element-populated\">\n\t\t\t\t\t\t<div class=\"elementor-element elementor-element-9c74d8a elementor-widget__width-initial elementor-widget elementor-widget-halstein_core_section_title\" data-id=\"9c74d8a\" data-element_type=\"widget\" data-e-type=\"widget\" data-widget_type=\"halstein_core_section_title.default\">\n\t\t\t\t<div class=\"elementor-widget-container\">\n\t\t\t\t\t<div class=\"qodef-shortcode qodef-m  qodef-section-title qodef-alignment--left\">\n\t\t\t<h2 class=\"qodef-m-title\" >\n\t\t\t\t\tNuestro principal objetivo es ofrecer soluciones <span class=\"qodef-highlight-text\" style=\"color: #B29063\">y el asesoramiento necesario<\/span> en materia de inmigraci\u00f3n, extranjer\u00eda y nacionalidad espa\u00f1ola. \t\t\t<\/h2>\n\t\t\t<\/div>\n\t\t\t\t<\/div>\n\t\t\t\t<\/div>\n\t\t\t\t<section class=\"elementor-section elementor-inner-section elementor-element elementor-element-4027888 elementor-section-full_width elementor-section-height-default elementor-section-height-default qodef-elementor-content-no\" data-id=\"4027888\" data-element_type=\"section\" data-e-type=\"section\">\n\t\t\t\t\t\t<div class=\"elementor-container elementor-column-gap-default\">\n\t\t\t\t\t<div class=\"elementor-column elementor-col-100 elementor-inner-column elementor-element elementor-element-8f0ba53\" data-id=\"8f0ba53\" data-element_type=\"column\" data-e-type=\"column\">\n\t\t\t<div class=\"elementor-widget-wrap elementor-element-populated\">\n\t\t\t\t\t\t<div class=\"elementor-element elementor-element-c213a0f elementor-widget elementor-widget-image\" data-id=\"c213a0f\" data-element_type=\"widget\" data-e-type=\"widget\" data-widget_type=\"image.default\">\n\t\t\t\t<div class=\"elementor-widget-container\">\n\t\t\t\t\t\t\t\t\t\t\t\t\t\t\t<img fetchpriority=\"high\" decoding=\"async\" width=\"1024\" height=\"683\" src=\"https:\/\/secoyasociados.eu\/wp-content\/uploads\/2022\/12\/AdobeStock_343527145-1-1024x683.jpeg\" class=\"attachment-large size-large wp-image-10355\" alt=\"\" srcset=\"https:\/\/secoyasociados.eu\/wp-content\/uploads\/2022\/12\/AdobeStock_343527145-1-1024x683.jpeg 1024w, https:\/\/secoyasociados.eu\/wp-content\/uploads\/2022\/12\/AdobeStock_343527145-1-300x200.jpeg 300w, https:\/\/secoyasociados.eu\/wp-content\/uploads\/2022\/12\/AdobeStock_343527145-1-768x512.jpeg 768w, https:\/\/secoyasociados.eu\/wp-content\/uploads\/2022\/12\/AdobeStock_343527145-1-1536x1024.jpeg 1536w, https:\/\/secoyasociados.eu\/wp-content\/uploads\/2022\/12\/AdobeStock_343527145-1-600x400.jpeg 600w, https:\/\/secoyasociados.eu\/wp-content\/uploads\/2022\/12\/AdobeStock_343527145-1.jpeg 1920w\" sizes=\"(max-width: 1024px) 100vw, 1024px\" \/>\t\t\t\t\t\t\t\t\t\t\t\t\t\t\t<\/div>\n\t\t\t\t<\/div>\n\t\t\t\t\t<\/div>\n\t\t<\/div>\n\t\t\t\t\t<\/div>\n\t\t<\/section>\n\t\t\t\t\t<\/div>\n\t\t<\/div>\n\t\t\t\t\t<\/div>\n\t\t<\/section>\n\t\t\t\t<section class=\"elementor-section elementor-top-section elementor-element elementor-element-9cf7c24 elementor-section-boxed elementor-section-height-default elementor-section-height-default qodef-elementor-content-no\" data-id=\"9cf7c24\" data-element_type=\"section\" data-e-type=\"section\">\n\t\t\t\t\t\t<div class=\"elementor-container elementor-column-gap-default\">\n\t\t\t\t\t<div class=\"elementor-column elementor-col-100 elementor-top-column elementor-element elementor-element-e68fac6\" data-id=\"e68fac6\" data-element_type=\"column\" data-e-type=\"column\">\n\t\t\t<div class=\"elementor-widget-wrap elementor-element-populated\">\n\t\t\t\t\t\t<div class=\"elementor-element elementor-element-52c99a2 elementor-widget elementor-widget-text-editor\" data-id=\"52c99a2\" data-element_type=\"widget\" data-e-type=\"widget\" data-widget_type=\"text-editor.default\">\n\t\t\t\t<div class=\"elementor-widget-container\">\n\t\t\t\t\t\t\t\t\t<h2 style=\"margin-top: 0px; margin-bottom: 0px; background-color: #ffffff; text-align: left;\">Seco &amp; Asociados es un despacho de especialistas en Extranjer\u00eda,<\/h2><p style=\"margin-top: 25px; margin-bottom: 0px; background-color: #ffffff; color: #262626; font-family: Montserrat, sans-serif; text-align: left;\">Especializado en prestar\u00a0<strong><span style=\"color: #b59569;\">legal services<\/span><\/strong>\u00a0a nivel nacional e internacional, tanto a empresas como a particulares. En nuestro despacho contar\u00e1 con especialistas que le ofrecer\u00e1n los <strong><span style=\"color: #b59569;\">legal services<\/span><\/strong>\u00a0que necesite. Somos un despacho comprometido con nuestros clientes.<\/p><p>The immigration section is in charge of our<strong><span style=\"color: #b59569;\"> Judicial Expert M\u00f3nica R. Seco<\/span><\/strong>, with more than <span style=\"color: #b59569;\"><strong>15 years of experience<\/strong><\/span> in Immigration and Immigration Law, <span style=\"color: #b59569;\"><strong>Judicial Expert in Immigration and Social Intervention<\/strong><\/span> registered in the professional association of Judicial Experts of the Kingdom of Spain.<\/p><p>Our main objective is to offer solutions and the necessary advice on <span style=\"color: #b59569;\"><strong>Immigration<\/strong><\/span>, <span style=\"color: #b59569;\"><strong>Aliens and Spanish Nationality<\/strong><\/span>. In addition to advising, especially legally, to the immigrant community settled in our country, who have the purpose of establishing their legal residence in Spain.<\/p><p>Our immigration services cover everything related to the application procedures for <span style=\"color: #b59569;\"><strong>Residence Authorization<\/strong><\/span> in the General Regime and in the Community Regime, advice and application for all types of <span style=\"color: #b59569;\"><strong>visas in origin<\/strong><\/span>, <span style=\"color: #b59569;\"><strong>presentation of files before the immigration office<\/strong><\/span> corresponding to the applicant&#8217;s place of residence, <span style=\"color: #b59569;\"><strong>claims and appeals<\/strong><\/span> in any instance. <span style=\"color: #b59569;\"><strong>Application for Fingerprint Appointments<\/strong><\/span> and any other procedure both at the Alien&#8217;s Office and at Police Stations, we advise on <span style=\"color: #b59569;\"><strong>asylum and international protection<\/strong><\/span>.<\/p><p><span style=\"color: #b59569;\"><strong>Preparation<\/strong><\/span>, <span style=\"color: #b59569;\"><strong>presentation and follow-up<\/strong><\/span> of Spanish nationality by residence. Registration at the Cervantes Institute for the DELE and CSSE exams, as well as advice and presentation of files for Nationality by option, Affiliation and registration after the deadline.<\/p><p>We carry out requests for documents registered in the Central Civil Registry or in other Spanish Civil Registries. We file applications for the registration of marriages of Spaniards occurring abroad in the corresponding Civil Registry.<\/p><p>Regarding the homologation of foreign degrees, we have extensive experience in the presentation of these files at the Ministry of Education, as well as in the creation of the profile in the electronic headquarters of this Ministry.<\/p><p>Since each case requires personalized attention, we suggest our clients not to hesitate to contact us, either in person or by videoconference.<\/p>\t\t\t\t\t\t\t\t<\/div>\n\t\t\t\t<\/div>\n\t\t\t\t\t<\/div>\n\t\t<\/div>\n\t\t\t\t\t<\/div>\n\t\t<\/section>\n\t\t\t\t<\/div>","protected":false},"excerpt":{"rendered":"<p>Nuestro principal objetivo es ofrecer soluciones y el asesoramiento necesario en materia de inmigraci\u00f3n, extranjer\u00eda y nacionalidad espa\u00f1ola. Seco &amp; Asociados es un despacho de especialistas en Extranjer\u00eda, Especializado en prestar\u00a0servicios jur\u00eddicos\u00a0a nivel nacional e internacional, tanto a empresas como a particulares. En nuestro despacho contar\u00e1 con especialistas que le ofrecer\u00e1n los servicios jur\u00eddicos\u00a0que necesite. [&hellip;]<\/p>\n","protected":false},"author":1,"featured_media":0,"parent":0,"menu_order":0,"comment_status":"closed","ping_status":"closed","template":"page-full-width.php","meta":{"footnotes":""},"class_list":["post-1140","page","type-page","status-publish","hentry"],"yoast_head":"<!-- This site is optimized with the Yoast SEO plugin v27.5 - https:\/\/yoast.com\/product\/yoast-seo-wordpress\/ -->\n<title>About Us - Seco &amp; Asociados<\/title>\n<meta name=\"robots\" content=\"index, follow, max-snippet:-1, max-image-preview:large, max-video-preview:-1\" \/>\n<link rel=\"canonical\" href=\"https:\/\/secoyasociados.eu\/en_en\/about-us\/\" \/>\n<meta property=\"og:locale\" content=\"en_US\" \/>\n<meta property=\"og:type\" content=\"article\" \/>\n<meta property=\"og:title\" content=\"About Us - Seco &amp; Asociados\" \/>\n<meta property=\"og:description\" content=\"Nuestro principal objetivo es ofrecer soluciones y el asesoramiento necesario en materia de inmigraci\u00f3n, extranjer\u00eda y nacionalidad espa\u00f1ola. Seco &amp; Asociados es un despacho de especialistas en Extranjer\u00eda, Especializado en prestar\u00a0servicios jur\u00eddicos\u00a0a nivel nacional e internacional, tanto a empresas como a particulares. En nuestro despacho contar\u00e1 con especialistas que le ofrecer\u00e1n los servicios jur\u00eddicos\u00a0que necesite. [&hellip;]\" \/>\n<meta property=\"og:url\" content=\"https:\/\/secoyasociados.eu\/en_en\/about-us\/\" \/>\n<meta property=\"og:site_name\" content=\"Seco &amp; Asociados\" \/>\n<meta property=\"article:modified_time\" content=\"2025-11-11T18:40:17+00:00\" \/>\n<meta property=\"og:image\" content=\"https:\/\/secoyasociados.eu\/wp-content\/uploads\/2022\/12\/AdobeStock_343527145-1.jpeg\" \/>\n\t<meta property=\"og:image:width\" content=\"1920\" \/>\n\t<meta property=\"og:image:height\" content=\"1280\" \/>\n\t<meta property=\"og:image:type\" content=\"image\/jpeg\" \/>\n<meta name=\"twitter:card\" content=\"summary_large_image\" \/>\n<meta name=\"twitter:label1\" content=\"Est. reading time\" \/>\n\t<meta name=\"twitter:data1\" content=\"2 minutes\" \/>\n<script type=\"application\/ld+json\" class=\"yoast-schema-graph\">{\"@context\":\"https:\\\/\\\/schema.org\",\"@graph\":[{\"@type\":\"WebPage\",\"@id\":\"https:\\\/\\\/secoyasociados.eu\\\/about-us\\\/\",\"url\":\"https:\\\/\\\/secoyasociados.eu\\\/about-us\\\/\",\"name\":\"About Us - Seco &amp; Asociados\",\"isPartOf\":{\"@id\":\"https:\\\/\\\/secoyasociados.eu\\\/#website\"},\"primaryImageOfPage\":{\"@id\":\"https:\\\/\\\/secoyasociados.eu\\\/about-us\\\/#primaryimage\"},\"image\":{\"@id\":\"https:\\\/\\\/secoyasociados.eu\\\/about-us\\\/#primaryimage\"},\"thumbnailUrl\":\"https:\\\/\\\/secoyasociados.eu\\\/wp-content\\\/uploads\\\/2022\\\/12\\\/AdobeStock_343527145-1-1024x683.jpeg\",\"datePublished\":\"2021-10-07T08:32:19+00:00\",\"dateModified\":\"2025-11-11T18:40:17+00:00\",\"breadcrumb\":{\"@id\":\"https:\\\/\\\/secoyasociados.eu\\\/about-us\\\/#breadcrumb\"},\"inLanguage\":\"en-US\",\"potentialAction\":[{\"@type\":\"ReadAction\",\"target\":[\"https:\\\/\\\/secoyasociados.eu\\\/about-us\\\/\"]}]},{\"@type\":\"ImageObject\",\"inLanguage\":\"en-US\",\"@id\":\"https:\\\/\\\/secoyasociados.eu\\\/about-us\\\/#primaryimage\",\"url\":\"https:\\\/\\\/secoyasociados.eu\\\/wp-content\\\/uploads\\\/2022\\\/12\\\/AdobeStock_343527145-1-1024x683.jpeg\",\"contentUrl\":\"https:\\\/\\\/secoyasociados.eu\\\/wp-content\\\/uploads\\\/2022\\\/12\\\/AdobeStock_343527145-1-1024x683.jpeg\"},{\"@type\":\"BreadcrumbList\",\"@id\":\"https:\\\/\\\/secoyasociados.eu\\\/about-us\\\/#breadcrumb\",\"itemListElement\":[{\"@type\":\"ListItem\",\"position\":1,\"name\":\"Portada\",\"item\":\"https:\\\/\\\/secoyasociados.eu\\\/\"},{\"@type\":\"ListItem\",\"position\":2,\"name\":\"About Us\"}]},{\"@type\":\"WebSite\",\"@id\":\"https:\\\/\\\/secoyasociados.eu\\\/#website\",\"url\":\"https:\\\/\\\/secoyasociados.eu\\\/\",\"name\":\"Seco &amp; Asociados\",\"description\":\"Abogados a su servicio\",\"potentialAction\":[{\"@type\":\"SearchAction\",\"target\":{\"@type\":\"EntryPoint\",\"urlTemplate\":\"https:\\\/\\\/secoyasociados.eu\\\/?s={search_term_string}\"},\"query-input\":{\"@type\":\"PropertyValueSpecification\",\"valueRequired\":true,\"valueName\":\"search_term_string\"}}],\"inLanguage\":\"en-US\"}]}<\/script>\n<!-- \/ Yoast SEO plugin. -->","yoast_head_json":{"title":"About Us - Seco &amp; Asociados","robots":{"index":"index","follow":"follow","max-snippet":"max-snippet:-1","max-image-preview":"max-image-preview:large","max-video-preview":"max-video-preview:-1"},"canonical":"https:\/\/secoyasociados.eu\/en_en\/about-us\/","og_locale":"en_US","og_type":"article","og_title":"About Us - Seco &amp; Asociados","og_description":"Nuestro principal objetivo es ofrecer soluciones y el asesoramiento necesario en materia de inmigraci\u00f3n, extranjer\u00eda y nacionalidad espa\u00f1ola. Seco &amp; Asociados es un despacho de especialistas en Extranjer\u00eda, Especializado en prestar\u00a0servicios jur\u00eddicos\u00a0a nivel nacional e internacional, tanto a empresas como a particulares. En nuestro despacho contar\u00e1 con especialistas que le ofrecer\u00e1n los servicios jur\u00eddicos\u00a0que necesite. [&hellip;]","og_url":"https:\/\/secoyasociados.eu\/en_en\/about-us\/","og_site_name":"Seco &amp; Asociados","article_modified_time":"2025-11-11T18:40:17+00:00","og_image":[{"width":1920,"height":1280,"url":"https:\/\/secoyasociados.eu\/wp-content\/uploads\/2022\/12\/AdobeStock_343527145-1.jpeg","type":"image\/jpeg"}],"twitter_card":"summary_large_image","twitter_misc":{"Est. reading time":"2 minutes"},"schema":{"@context":"https:\/\/schema.org","@graph":[{"@type":"WebPage","@id":"https:\/\/secoyasociados.eu\/about-us\/","url":"https:\/\/secoyasociados.eu\/about-us\/","name":"About Us - Seco &amp; Asociados","isPartOf":{"@id":"https:\/\/secoyasociados.eu\/#website"},"primaryImageOfPage":{"@id":"https:\/\/secoyasociados.eu\/about-us\/#primaryimage"},"image":{"@id":"https:\/\/secoyasociados.eu\/about-us\/#primaryimage"},"thumbnailUrl":"https:\/\/secoyasociados.eu\/wp-content\/uploads\/2022\/12\/AdobeStock_343527145-1-1024x683.jpeg","datePublished":"2021-10-07T08:32:19+00:00","dateModified":"2025-11-11T18:40:17+00:00","breadcrumb":{"@id":"https:\/\/secoyasociados.eu\/about-us\/#breadcrumb"},"inLanguage":"en-US","potentialAction":[{"@type":"ReadAction","target":["https:\/\/secoyasociados.eu\/about-us\/"]}]},{"@type":"ImageObject","inLanguage":"en-US","@id":"https:\/\/secoyasociados.eu\/about-us\/#primaryimage","url":"https:\/\/secoyasociados.eu\/wp-content\/uploads\/2022\/12\/AdobeStock_343527145-1-1024x683.jpeg","contentUrl":"https:\/\/secoyasociados.eu\/wp-content\/uploads\/2022\/12\/AdobeStock_343527145-1-1024x683.jpeg"},{"@type":"BreadcrumbList","@id":"https:\/\/secoyasociados.eu\/about-us\/#breadcrumb","itemListElement":[{"@type":"ListItem","position":1,"name":"Portada","item":"https:\/\/secoyasociados.eu\/"},{"@type":"ListItem","position":2,"name":"About Us"}]},{"@type":"WebSite","@id":"https:\/\/secoyasociados.eu\/#website","url":"https:\/\/secoyasociados.eu\/","name":"Seco &amp; Asociados","description":"Abogados a su servicio","potentialAction":[{"@type":"SearchAction","target":{"@type":"EntryPoint","urlTemplate":"https:\/\/secoyasociados.eu\/?s={search_term_string}"},"query-input":{"@type":"PropertyValueSpecification","valueRequired":true,"valueName":"search_term_string"}}],"inLanguage":"en-US"}]}},"_links":{"self":[{"href":"https:\/\/secoyasociados.eu\/en_en\/wp-json\/wp\/v2\/pages\/1140","targetHints":{"allow":["GET"]}}],"collection":[{"href":"https:\/\/secoyasociados.eu\/en_en\/wp-json\/wp\/v2\/pages"}],"about":[{"href":"https:\/\/secoyasociados.eu\/en_en\/wp-json\/wp\/v2\/types\/page"}],"author":[{"embeddable":true,"href":"https:\/\/secoyasociados.eu\/en_en\/wp-json\/wp\/v2\/users\/1"}],"replies":[{"embeddable":true,"href":"https:\/\/secoyasociados.eu\/en_en\/wp-json\/wp\/v2\/comments?post=1140"}],"version-history":[{"count":18,"href":"https:\/\/secoyasociados.eu\/en_en\/wp-json\/wp\/v2\/pages\/1140\/revisions"}],"predecessor-version":[{"id":10793,"href":"https:\/\/secoyasociados.eu\/en_en\/wp-json\/wp\/v2\/pages\/1140\/revisions\/10793"}],"wp:attachment":[{"href":"https:\/\/secoyasociados.eu\/en_en\/wp-json\/wp\/v2\/media?parent=1140"}],"curies":[{"name":"wp","href":"https:\/\/api.w.org\/{rel}","templated":true}]}}